{"id":2922,"date":"2019-11-04T09:32:42","date_gmt":"2019-11-04T09:32:42","guid":{"rendered":"https:\/\/mctturkiye.wpengine.com\/?page_id=2922"},"modified":"2019-11-04T09:33:04","modified_gmt":"2019-11-04T09:33:04","slug":"middlesex-universitesi","status":"publish","type":"page","link":"https:\/\/mct.com.tr\/en\/middlesex-universitesi\/","title":{"rendered":"Middlesex University"},"content":{"rendered":"","protected":false},"excerpt":{"rendered":"","protected":false},"author":3,"featured_media":0,"parent":0,"menu_order":0,"comment_status":"closed","ping_status":"closed","template":"","meta":{"_themeisle_gutenberg_block_has_review":false,"footnotes":""},"class_list":["post-2922","page","type-page","status-publish","hentry"],"yoast_head":"<!-- This site is optimized with the Yoast SEO plugin v26.5 - https:\/\/yoast.com\/wordpress\/plugins\/seo\/ -->\n<title>Middlesex \u00dcniversitesi - Management Centre T\u00fcrkiye<\/title>\n<meta name=\"robots\" content=\"index, follow, max-snippet:-1, max-image-preview:large, max-video-preview:-1\" \/>\n<link rel=\"canonical\" href=\"https:\/\/mct.com.tr\/en\/middlesex-universitesi\/\" \/>\n<meta property=\"og:locale\" content=\"en_GB\" \/>\n<meta property=\"og:type\" content=\"article\" \/>\n<meta property=\"og:title\" content=\"Middlesex \u00dcniversitesi - Management Centre T\u00fcrkiye\" \/>\n<meta property=\"og:url\" content=\"https:\/\/mct.com.tr\/en\/middlesex-universitesi\/\" \/>\n<meta property=\"og:site_name\" content=\"Management Centre T\u00fcrkiye\" \/>\n<meta property=\"article:modified_time\" content=\"2019-11-04T09:33:04+00:00\" \/>\n<meta name=\"twitter:card\" content=\"summary_large_image\" \/>\n<script type=\"application\/ld+json\" class=\"yoast-schema-graph\">{\"@context\":\"https:\/\/schema.org\",\"@graph\":[{\"@type\":\"WebPage\",\"@id\":\"https:\/\/mct.com.tr\/middlesex-universitesi\/\",\"url\":\"https:\/\/mct.com.tr\/middlesex-universitesi\/\",\"name\":\"Middlesex \u00dcniversitesi - Management Centre T\u00fcrkiye\",\"isPartOf\":{\"@id\":\"https:\/\/mct.com.tr\/#website\"},\"datePublished\":\"2019-11-04T09:32:42+00:00\",\"dateModified\":\"2019-11-04T09:33:04+00:00\",\"breadcrumb\":{\"@id\":\"https:\/\/mct.com.tr\/middlesex-universitesi\/#breadcrumb\"},\"inLanguage\":\"en-GB\",\"potentialAction\":[{\"@type\":\"ReadAction\",\"target\":[\"https:\/\/mct.com.tr\/middlesex-universitesi\/\"]}]},{\"@type\":\"BreadcrumbList\",\"@id\":\"https:\/\/mct.com.tr\/middlesex-universitesi\/#breadcrumb\",\"itemListElement\":[{\"@type\":\"ListItem\",\"position\":1,\"name\":\"Ana sayfa\",\"item\":\"https:\/\/mct.com.tr\/\"},{\"@type\":\"ListItem\",\"position\":2,\"name\":\"Middlesex \u00dcniversitesi\"}]},{\"@type\":\"WebSite\",\"@id\":\"https:\/\/mct.com.tr\/#website\",\"url\":\"https:\/\/mct.com.tr\/\",\"name\":\"Management Centre T\u00fcrkiye\",\"description\":\"Bireylerin geli\u015fimi, organizasyonlar\u0131n d\u00f6n\u00fc\u015f\u00fcm\u00fc i\u00e7in var\u0131z\",\"potentialAction\":[{\"@type\":\"SearchAction\",\"target\":{\"@type\":\"EntryPoint\",\"urlTemplate\":\"https:\/\/mct.com.tr\/?s={search_term_string}\"},\"query-input\":{\"@type\":\"PropertyValueSpecification\",\"valueRequired\":true,\"valueName\":\"search_term_string\"}}],\"inLanguage\":\"en-GB\"}]}<\/script>\n<!-- \/ Yoast SEO plugin. -->","yoast_head_json":{"title":"Middlesex \u00dcniversitesi - Management Centre T\u00fcrkiye","robots":{"index":"index","follow":"follow","max-snippet":"max-snippet:-1","max-image-preview":"max-image-preview:large","max-video-preview":"max-video-preview:-1"},"canonical":"https:\/\/mct.com.tr\/en\/middlesex-universitesi\/","og_locale":"en_GB","og_type":"article","og_title":"Middlesex \u00dcniversitesi - Management Centre T\u00fcrkiye","og_url":"https:\/\/mct.com.tr\/en\/middlesex-universitesi\/","og_site_name":"Management Centre T\u00fcrkiye","article_modified_time":"2019-11-04T09:33:04+00:00","twitter_card":"summary_large_image","schema":{"@context":"https:\/\/schema.org","@graph":[{"@type":"WebPage","@id":"https:\/\/mct.com.tr\/middlesex-universitesi\/","url":"https:\/\/mct.com.tr\/middlesex-universitesi\/","name":"Middlesex \u00dcniversitesi - Management Centre T\u00fcrkiye","isPartOf":{"@id":"https:\/\/mct.com.tr\/#website"},"datePublished":"2019-11-04T09:32:42+00:00","dateModified":"2019-11-04T09:33:04+00:00","breadcrumb":{"@id":"https:\/\/mct.com.tr\/middlesex-universitesi\/#breadcrumb"},"inLanguage":"en-GB","potentialAction":[{"@type":"ReadAction","target":["https:\/\/mct.com.tr\/middlesex-universitesi\/"]}]},{"@type":"BreadcrumbList","@id":"https:\/\/mct.com.tr\/middlesex-universitesi\/#breadcrumb","itemListElement":[{"@type":"ListItem","position":1,"name":"Ana sayfa","item":"https:\/\/mct.com.tr\/"},{"@type":"ListItem","position":2,"name":"Middlesex \u00dcniversitesi"}]},{"@type":"WebSite","@id":"https:\/\/mct.com.tr\/#website","url":"https:\/\/mct.com.tr\/","name":"Management Centre T\u00fcrkiye","description":"We are here for the development of individuals and transformation of organizations","potentialAction":[{"@type":"SearchAction","target":{"@type":"EntryPoint","urlTemplate":"https:\/\/mct.com.tr\/?s={search_term_string}"},"query-input":{"@type":"PropertyValueSpecification","valueRequired":true,"valueName":"search_term_string"}}],"inLanguage":"en-GB"}]}},"_links":{"self":[{"href":"https:\/\/mct.com.tr\/en\/wp-json\/wp\/v2\/pages\/2922","targetHints":{"allow":["GET"]}}],"collection":[{"href":"https:\/\/mct.com.tr\/en\/wp-json\/wp\/v2\/pages"}],"about":[{"href":"https:\/\/mct.com.tr\/en\/wp-json\/wp\/v2\/types\/page"}],"author":[{"embeddable":true,"href":"https:\/\/mct.com.tr\/en\/wp-json\/wp\/v2\/users\/3"}],"replies":[{"embeddable":true,"href":"https:\/\/mct.com.tr\/en\/wp-json\/wp\/v2\/comments?post=2922"}],"version-history":[{"count":0,"href":"https:\/\/mct.com.tr\/en\/wp-json\/wp\/v2\/pages\/2922\/revisions"}],"wp:attachment":[{"href":"https:\/\/mct.com.tr\/en\/wp-json\/wp\/v2\/media?parent=2922"}],"curies":[{"name":"wp","href":"https:\/\/api.w.org\/{rel}","templated":true}]}}