{"id":1281,"date":"2016-05-19T12:24:04","date_gmt":"2016-05-19T12:24:04","guid":{"rendered":"http:\/\/demo.goodlayers.com\/infinite\/homepages\/finance\/?page_id=1281"},"modified":"2025-08-30T11:39:15","modified_gmt":"2025-08-30T11:39:15","slug":"iletisim","status":"publish","type":"page","link":"https:\/\/mct.com.tr\/en\/iletisim\/","title":{"rendered":"\u0130leti\u015fim"},"content":{"rendered":"<div class=\"vc_row wpb_row vc_row-fluid\"><div class=\"wpb_column vc_column_container vc_col-sm-4\"><div class=\"vc_column-inner vc_custom_1574411569323\"><div class=\"wpb_wrapper\"><\/div><\/div><\/div><div class=\"wpb_column vc_column_container vc_col-sm-4\"><div class=\"vc_column-inner\"><div class=\"wpb_wrapper\">\n\t<div class=\"wpb_text_column wpb_content_element\" >\n\t\t<div class=\"wpb_wrapper\">\n\t\t\t<div id=\"conform1\"><div id=\"vfb-form-1\" class=\"visual-form-builder-container\"><form id=\"bilgi-talep-formu-1\" class=\"visual-form-builder vfb-form-1\" method=\"post\" enctype=\"multipart\/form-data\" action=\"\">\n\t  \t<input type=\"hidden\" name=\"form_id\" value=\"1\" \/><fieldset class=\"vfb-fieldset vfb-fieldset-1 bilgi-talep-formu\" id=\"item-vfb-1\"><div class=\"vfb-legend\"><h3>Bilgi Talep Formu<\/h3><\/div><ul class=\"vfb-section vfb-section-1\"><li class=\"vfb-item vfb-item-text   vfb-left-half\" id=\"item-vfb-5\"><label for=\"vfb-5\" class=\"vfb-desc\">\u015eirket Ad\u0131  <span class=\"vfb-required-asterisk\">*<\/span><\/label><input type=\"text\" name=\"vfb-5\" id=\"vfb-5\" value=\"\" class=\"vfb-text  vfb-large  required\" \/><\/li><li class=\"vfb-item vfb-item-text   vfb-right-half\" id=\"item-vfb-6\"><label for=\"vfb-6\" class=\"vfb-desc\">\u00c7al\u0131\u015fan Say\u0131s\u0131  <span class=\"vfb-required-asterisk\">*<\/span><\/label><input type=\"text\" name=\"vfb-6\" id=\"vfb-6\" value=\"\" class=\"vfb-text  vfb-large  required\" \/><\/li><li class=\"vfb-item vfb-item-text   vfb-left-half\" id=\"item-vfb-7\"><label for=\"vfb-7\" class=\"vfb-desc\">Y\u00f6netici Say\u0131s\u0131  <span class=\"vfb-required-asterisk\">*<\/span><\/label><input type=\"text\" name=\"vfb-7\" id=\"vfb-7\" value=\"\" class=\"vfb-text  vfb-large  required\" \/><\/li><li class=\"vfb-item vfb-item-text   vfb-right-half\" id=\"item-vfb-8\"><label for=\"vfb-8\" class=\"vfb-desc\">\u0130stenen Hizmet  <span class=\"vfb-required-asterisk\">*<\/span><\/label><span class=\"vfb-span\"><input type=\"text\" name=\"vfb-8\" id=\"vfb-8\" value=\"\" class=\"vfb-text  vfb-large  required\" \/><label>E\u011fitim | Fasilitasyon | Keynote<\/label><\/span><\/li><li class=\"vfb-item vfb-item-text   vfb-left-half\" id=\"item-vfb-9\"><label for=\"vfb-9\" class=\"vfb-desc\">Kategori  <span class=\"vfb-required-asterisk\">*<\/span><\/label><span class=\"vfb-span\"><input type=\"text\" name=\"vfb-9\" id=\"vfb-9\" value=\"\" class=\"vfb-text  vfb-large  required\" \/><label>Liderlik | Sat\u0131\u015f | K\u00fclt\u00fcr | Strateji<\/label><\/span><\/li><li class=\"vfb-item vfb-item-text   vfb-right-half\" id=\"item-vfb-10\"><label for=\"vfb-10\" class=\"vfb-desc\">Hedef Kitle ve Ki\u015fi Say\u0131s\u0131  <span class=\"vfb-required-asterisk\">*<\/span><\/label><input type=\"text\" name=\"vfb-10\" id=\"vfb-10\" value=\"\" class=\"vfb-text  vfb-large  required\" \/><\/li><li class=\"vfb-item vfb-item-textarea\" id=\"item-vfb-11\"><label for=\"vfb-11\" class=\"vfb-desc\">Hedeflenen Ama\u00e7 ve K\u0131sa Tarif  <span class=\"vfb-required-asterisk\">*<\/span><\/label><div><textarea name=\"vfb-11\" id=\"vfb-11\" class=\"vfb-textarea  vfb-large  required\"><\/textarea><\/div><\/li><li class=\"vfb-item vfb-item-date   vfb-left-half\" id=\"item-vfb-12\"><label for=\"vfb-12\" class=\"vfb-desc\">\u0130stenen Tarih <\/label><input type=\"text\" name=\"vfb-12\" id=\"vfb-12\" value=\"\" class=\"vfb-text vfb-date-picker  vfb-large\" data-dp-dateformat=\"dd\/mm\/yy\" \/><\/li><li class=\"vfb-item vfb-item-text   vfb-right-half\" id=\"item-vfb-13\"><label for=\"vfb-13\" class=\"vfb-desc\">Lokasyon  <span class=\"vfb-required-asterisk\">*<\/span><\/label><input type=\"text\" name=\"vfb-13\" id=\"vfb-13\" value=\"\" class=\"vfb-text  vfb-large  required\" \/><\/li><li class=\"vfb-item vfb-item-text\" id=\"item-vfb-14\"><label for=\"vfb-14\" class=\"vfb-desc\">\u0130leti\u015fim Bilgileri  <span class=\"vfb-required-asterisk\">*<\/span><\/label><input type=\"text\" name=\"vfb-14\" id=\"vfb-14\" value=\"\" class=\"vfb-text  vfb-large  required\" \/><\/li><\/ul>&nbsp;<\/fieldset><fieldset class=\"vfb-fieldset vfb-fieldset-2 onaylama\" id=\"item-vfb-2\" style=\"display:block\"><div class=\"vfb-legend\"><h3>Onaylama<\/h3><\/div><ul class=\"vfb-section vfb-section-2\"><li class=\"vfb-item vfb-item-secret\"  style=\"display:block\"><label for=\"vfb-3\" class=\"vfb-desc\">L\u00fctfen iki haneli herhangi bir say\u0131 giriniz <span class=\"vfb-required-asterisk\">*<\/span><\/label><input type=\"hidden\" name=\"_vfb-secret\" value=\"vfb-3\" \/><span class=\"vfb-span\"><input type=\"text\" name=\"vfb-3\" id=\"vfb-3\" value=\"\" class=\"vfb-text  vfb-medium  required {digits:true,maxlength:2,minlength:2}\" style=\"display:block\" \/><label>\u00d6rnek: 12<\/label><\/span><li style=\"display:none;\"><label>This box is for spam protection - &lt;strong&gt;please leave it blank&lt;\/strong&gt;:<\/label><div><input name=\"vfb-spam\" \/><\/div><\/li>\n\t\t\t<li class=\"vfb-item vfb-item-submit\" id=\"item-vfb-4\">\n\t\t\t\t<input type=\"submit\" name=\"vfb-submit\" id=\"vfb-4\" value=\"G\u00f6nder\" class=\"vfb-submit\" \/>\n\t\t\t\t<\/li><\/ul>\n\t\t\t<\/fieldset><input type=\"hidden\" name=\"_wp_http_referer\" value=\"\/en\/wp-json\/wp\/v2\/pages\/1281\" \/><input type=\"hidden\" name=\"trp-form-language\" value=\"en\"\/><\/form><\/div> <!-- .visual-form-builder-container --><\/div>\n\n\t\t<\/div>\n\t<\/div>\n<\/div><\/div><\/div><div class=\"wpb_column vc_column_container vc_col-sm-4\"><div class=\"vc_column-inner\"><div class=\"wpb_wrapper\"><\/div><\/div><\/div><\/div><div class=\"vc_row wpb_row vc_row-fluid\"><div class=\"wpb_column vc_column_container vc_col-sm-12\"><div class=\"vc_column-inner\"><div class=\"wpb_wrapper\">\n\t<div class=\"wpb_text_column wpb_content_element\" >\n\t\t<div class=\"wpb_wrapper\">\n\t\t\t<p>I am text block. Click edit button to change this text. Lorem ipsum dolor sit amet, consectetur adipiscing elit. Ut elit tellus, luctus nec ullamcorper mattis, pulvinar dapibus leo.<\/p>\n\n\t\t<\/div>\n\t<\/div>\n<\/div><\/div><\/div><\/div>","protected":false},"excerpt":{"rendered":"Bilgi Talep Formu\u015eirket Ad\u0131 *\u00c7al\u0131\u015fan Say\u0131s\u0131 *Y\u00f6netici Say\u0131s\u0131 *\u0130stenen Hizmet *E\u011fitim | Fasilitasyon | KeynoteKategori *Liderlik | Sat\u0131\u015f | K\u00fclt\u00fcr | StratejiHedef Kitle ve Ki\u015fi Say\u0131s\u0131 *Hedeflenen Ama\u00e7 ve K\u0131sa Tarif *\u0130stenen Tarih Lokasyon *\u0130leti\u015fim Bilgileri *&nbsp;OnaylamaL\u00fctfen iki haneli herhangi bir say\u0131 giriniz *\u00d6rnek: 12This box is for spam protection - &lt;strong&gt;please leave it blank&lt;\/strong&gt;: [...]","protected":false},"author":3,"featured_media":0,"parent":0,"menu_order":0,"comment_status":"closed","ping_status":"closed","template":"","meta":{"_themeisle_gutenberg_block_has_review":false,"footnotes":""},"class_list":["post-1281","page","type-page","status-publish","hentry"],"yoast_head":"<!-- This site is optimized with the Yoast SEO plugin v26.5 - https:\/\/yoast.com\/wordpress\/plugins\/seo\/ -->\n<title>\u0130leti\u015fim - Management Centre T\u00fcrkiye<\/title>\n<meta name=\"robots\" content=\"index, follow, max-snippet:-1, max-image-preview:large, max-video-preview:-1\" \/>\n<link rel=\"canonical\" href=\"https:\/\/mct.com.tr\/en\/iletisim\/\" \/>\n<meta property=\"og:locale\" content=\"en_GB\" \/>\n<meta property=\"og:type\" content=\"article\" \/>\n<meta property=\"og:title\" content=\"\u0130leti\u015fim - Management Centre T\u00fcrkiye\" \/>\n<meta property=\"og:url\" content=\"https:\/\/mct.com.tr\/en\/iletisim\/\" \/>\n<meta property=\"og:site_name\" content=\"Management Centre T\u00fcrkiye\" \/>\n<meta property=\"article:modified_time\" content=\"2025-08-30T11:39:15+00:00\" \/>\n<meta name=\"twitter:card\" content=\"summary_large_image\" \/>\n<meta name=\"twitter:label1\" content=\"Estimated reading time\" \/>\n\t<meta name=\"twitter:data1\" content=\"1 minute\" \/>\n<script type=\"application\/ld+json\" class=\"yoast-schema-graph\">{\"@context\":\"https:\/\/schema.org\",\"@graph\":[{\"@type\":\"WebPage\",\"@id\":\"https:\/\/mct.com.tr\/iletisim\/\",\"url\":\"https:\/\/mct.com.tr\/iletisim\/\",\"name\":\"\u0130leti\u015fim - Management Centre T\u00fcrkiye\",\"isPartOf\":{\"@id\":\"https:\/\/mct.com.tr\/#website\"},\"datePublished\":\"2016-05-19T12:24:04+00:00\",\"dateModified\":\"2025-08-30T11:39:15+00:00\",\"breadcrumb\":{\"@id\":\"https:\/\/mct.com.tr\/iletisim\/#breadcrumb\"},\"inLanguage\":\"en-GB\",\"potentialAction\":[{\"@type\":\"ReadAction\",\"target\":[\"https:\/\/mct.com.tr\/iletisim\/\"]}]},{\"@type\":\"BreadcrumbList\",\"@id\":\"https:\/\/mct.com.tr\/iletisim\/#breadcrumb\",\"itemListElement\":[{\"@type\":\"ListItem\",\"position\":1,\"name\":\"Ana sayfa\",\"item\":\"https:\/\/mct.com.tr\/\"},{\"@type\":\"ListItem\",\"position\":2,\"name\":\"\u0130leti\u015fim\"}]},{\"@type\":\"WebSite\",\"@id\":\"https:\/\/mct.com.tr\/#website\",\"url\":\"https:\/\/mct.com.tr\/\",\"name\":\"Management Centre T\u00fcrkiye\",\"description\":\"Bireylerin geli\u015fimi, organizasyonlar\u0131n d\u00f6n\u00fc\u015f\u00fcm\u00fc i\u00e7in var\u0131z\",\"potentialAction\":[{\"@type\":\"SearchAction\",\"target\":{\"@type\":\"EntryPoint\",\"urlTemplate\":\"https:\/\/mct.com.tr\/?s={search_term_string}\"},\"query-input\":{\"@type\":\"PropertyValueSpecification\",\"valueRequired\":true,\"valueName\":\"search_term_string\"}}],\"inLanguage\":\"en-GB\"}]}<\/script>\n<!-- \/ Yoast SEO plugin. -->","yoast_head_json":{"title":"\u0130leti\u015fim - Management Centre T\u00fcrkiye","robots":{"index":"index","follow":"follow","max-snippet":"max-snippet:-1","max-image-preview":"max-image-preview:large","max-video-preview":"max-video-preview:-1"},"canonical":"https:\/\/mct.com.tr\/en\/iletisim\/","og_locale":"en_GB","og_type":"article","og_title":"\u0130leti\u015fim - Management Centre T\u00fcrkiye","og_url":"https:\/\/mct.com.tr\/en\/iletisim\/","og_site_name":"Management Centre T\u00fcrkiye","article_modified_time":"2025-08-30T11:39:15+00:00","twitter_card":"summary_large_image","twitter_misc":{"Estimated reading time":"1 minute"},"schema":{"@context":"https:\/\/schema.org","@graph":[{"@type":"WebPage","@id":"https:\/\/mct.com.tr\/iletisim\/","url":"https:\/\/mct.com.tr\/iletisim\/","name":"\u0130leti\u015fim - Management Centre T\u00fcrkiye","isPartOf":{"@id":"https:\/\/mct.com.tr\/#website"},"datePublished":"2016-05-19T12:24:04+00:00","dateModified":"2025-08-30T11:39:15+00:00","breadcrumb":{"@id":"https:\/\/mct.com.tr\/iletisim\/#breadcrumb"},"inLanguage":"en-GB","potentialAction":[{"@type":"ReadAction","target":["https:\/\/mct.com.tr\/iletisim\/"]}]},{"@type":"BreadcrumbList","@id":"https:\/\/mct.com.tr\/iletisim\/#breadcrumb","itemListElement":[{"@type":"ListItem","position":1,"name":"Ana sayfa","item":"https:\/\/mct.com.tr\/"},{"@type":"ListItem","position":2,"name":"\u0130leti\u015fim"}]},{"@type":"WebSite","@id":"https:\/\/mct.com.tr\/#website","url":"https:\/\/mct.com.tr\/","name":"Management Centre T\u00fcrkiye","description":"We are here for the development of individuals and transformation of organizations","potentialAction":[{"@type":"SearchAction","target":{"@type":"EntryPoint","urlTemplate":"https:\/\/mct.com.tr\/?s={search_term_string}"},"query-input":{"@type":"PropertyValueSpecification","valueRequired":true,"valueName":"search_term_string"}}],"inLanguage":"en-GB"}]}},"_links":{"self":[{"href":"https:\/\/mct.com.tr\/en\/wp-json\/wp\/v2\/pages\/1281","targetHints":{"allow":["GET"]}}],"collection":[{"href":"https:\/\/mct.com.tr\/en\/wp-json\/wp\/v2\/pages"}],"about":[{"href":"https:\/\/mct.com.tr\/en\/wp-json\/wp\/v2\/types\/page"}],"author":[{"embeddable":true,"href":"https:\/\/mct.com.tr\/en\/wp-json\/wp\/v2\/users\/3"}],"replies":[{"embeddable":true,"href":"https:\/\/mct.com.tr\/en\/wp-json\/wp\/v2\/comments?post=1281"}],"version-history":[{"count":5,"href":"https:\/\/mct.com.tr\/en\/wp-json\/wp\/v2\/pages\/1281\/revisions"}],"predecessor-version":[{"id":5237,"href":"https:\/\/mct.com.tr\/en\/wp-json\/wp\/v2\/pages\/1281\/revisions\/5237"}],"wp:attachment":[{"href":"https:\/\/mct.com.tr\/en\/wp-json\/wp\/v2\/media?parent=1281"}],"curies":[{"name":"wp","href":"https:\/\/api.w.org\/{rel}","templated":true}]}}